{"id":11,"date":"2018-05-04T16:23:26","date_gmt":"2018-05-04T14:23:26","guid":{"rendered":"https:\/\/2018.lausanne.wordcamp.org\/location\/"},"modified":"2018-09-03T23:15:49","modified_gmt":"2018-09-03T21:15:49","slug":"lieu","status":"publish","type":"page","link":"https:\/\/lausanne.wordcamp.org\/2018\/lieu\/","title":{"rendered":"O\u00f9"},"content":{"rendered":"\n<p><a href=\"https:\/\/2018.lausanne.wordcamp.org\/location\/\">English version<\/a><\/p>\n\n\n<p><\/p>\n<p>\u00a0<\/p>\n<p>Le WordCamp Lausanne aura lieu le samedi 29 septembre 2018.<br \/>La <a href=\"#contr-day\">Journ\u00e9e de la contribution<\/a> le vendredi 28 septembre 2018<\/p>\n<p>Les Conf\u00e9rences du WordCamp auront lieu \u00e0 la <strong>Fondation pour la <\/strong><strong>Maison de la Communication<\/strong>, Avenue de Florimont , 1006 Lausanne<\/p>\n<div class=\"googlemaps\">\n\t\t\t\t<iframe loading=\"lazy\" width=\"640\" height=\"480\" frameborder=\"0\" scrolling=\"no\" marginheight=\"0\" marginwidth=\"0\"  src=\"https:\/\/www.google.com\/maps\/embed?pb=!1m18!1m12!1m3!1d343.198354642329!2d6.637966113959328!3d46.51628825687054!2m3!1f0!2f0!3f0!3m2!1i1024!2i768!4f13.1!3m3!1m2!1s0x478c2fcad1d4d70b:0xb12968e6f5b8c94a!2sAvenue%20de%20Florimont%201,%201006%20Lausanne!5e0!3m2!1sen!2sch!4v1536002560736&#038;Prime;=\"><\/iframe>\n\t\t\t<\/div>\n<p>Transports publics: Arr\u00eat Georgette, <span class=\"renderable-component\"><span class=\"renderable-component-text-box renderable-component-bold renderable-component-text-box-white renderable-component-color-text-background ltr\"><span class=\"renderable-component-text-box-content\">1, <\/span><\/span><\/span><span class=\"renderable-component\"><span class=\"renderable-component-text-box renderable-component-bold renderable-component-text-box-white renderable-component-color-text-background ltr\"><span class=\"renderable-component-text-box-content\">2, <\/span><\/span><\/span><span class=\"renderable-component\"><span class=\"renderable-component-text-box renderable-component-bold renderable-component-text-box-white renderable-component-color-text-background ltr\"><span class=\"renderable-component-text-box-content\">4, <\/span><\/span><\/span><span class=\"renderable-component\"><span class=\"renderable-component-text-box renderable-component-bold renderable-component-text-box-white renderable-component-color-text-background ltr\"><span class=\"renderable-component-text-box-content\">7, <\/span><\/span><\/span><span class=\"renderable-component\"><span class=\"renderable-component-text-box renderable-component-bold renderable-component-text-box-white renderable-component-color-text-background ltr\"><span class=\"renderable-component-text-box-content\">8, <\/span><\/span><\/span><span class=\"renderable-component\"><span class=\"renderable-component-text-box renderable-component-bold renderable-component-text-box-white renderable-component-color-text-background ltr\"><span class=\"renderable-component-text-box-content\">9, <\/span><\/span><\/span><span class=\"renderable-component\"><span class=\"renderable-component-text-box renderable-component-bold renderable-component-text-box-white renderable-component-color-text-background ltr\"><span class=\"renderable-component-text-box-content\">12, <\/span><\/span><\/span><span class=\"renderable-component\"><span class=\"renderable-component-text-box renderable-component-bold renderable-component-text-box-white renderable-component-color-text-background ltr\"><span class=\"renderable-component-text-box-content\">17, <\/span><\/span><\/span><span class=\"renderable-component\"><span class=\"renderable-component-text-box renderable-component-bold renderable-component-text-box-white renderable-component-color-text-background ltr\"><span class=\"renderable-component-text-box-content\">87<br \/><\/span><\/span><\/span>Parking: Bellefontaine, Mon-repos et la gare de Lausanne<\/p>\n\n\n<p><\/p>\n\n\n<p id=\"contr-day\">Les rencontres de la Journ\u00e9e de la contribution auront lieu \u00e0&nbsp;<br><strong>Innovation Park dans le campus EPFL<\/strong> Route Cantonale, 1015 Lausanne<\/p>\n<div class=\"googlemaps\">\n\t\t\t\t<iframe loading=\"lazy\" width=\"640\" height=\"480\" frameborder=\"0\" scrolling=\"no\" marginheight=\"0\" marginwidth=\"0\"  src=\"https:\/\/www.google.com\/maps\/embed?pb=!1m14!1m8!1m3!1d2745.494291220533!2d6.561151!3d46.5181199!3m2!1i1024!2i768!4f13.1!3m3!1m2!1s0x478c30fc9254b463:0x90b5a0440403b2c!2sEPFL%20Innovation%20Park!5e0!3m2!1sfr!2sch!4v1536005519790\"><\/iframe>\n\t\t\t<\/div>\n<p>Transports publics: Arr\u00eat EPFL, M1<\/p>\n<p>N&rsquo;h\u00e9sitez pas \u00e0 vous renseigner sur le site des <a href=\"https:\/\/www.sbb.ch\/fr\/\">CFF.<\/a><\/p>","protected":false},"excerpt":{"rendered":"<p>English version \u00a0 Le WordCamp Lausanne aura lieu le samedi 29 septembre 2018.La Journ\u00e9e de la contribution le vendredi 28 septembre 2018 Les Conf\u00e9rences du WordCamp auront lieu \u00e0 la Fondation pour la Maison de la Communication, Avenue de Florimont , 1006 Lausanne Transports publics: Arr\u00eat Georgette, 1, 2, 4, 7, 8, 9, 12, 17, [&hellip;]<\/p>\n","protected":false},"author":14554792,"featured_media":0,"parent":0,"menu_order":0,"comment_status":"closed","ping_status":"closed","template":"","meta":{"jetpack_post_was_ever_published":false,"footnotes":""},"class_list":["post-11","page","type-page","status-publish","hentry"],"jetpack_sharing_enabled":true,"jetpack_shortlink":"https:\/\/wp.me\/P9HzQn-b","_links":{"self":[{"href":"https:\/\/lausanne.wordcamp.org\/2018\/wp-json\/wp\/v2\/pages\/11","targetHints":{"allow":["GET"]}}],"collection":[{"href":"https:\/\/lausanne.wordcamp.org\/2018\/wp-json\/wp\/v2\/pages"}],"about":[{"href":"https:\/\/lausanne.wordcamp.org\/2018\/wp-json\/wp\/v2\/types\/page"}],"author":[{"embeddable":true,"href":"https:\/\/lausanne.wordcamp.org\/2018\/wp-json\/wp\/v2\/users\/14554792"}],"replies":[{"embeddable":true,"href":"https:\/\/lausanne.wordcamp.org\/2018\/wp-json\/wp\/v2\/comments?post=11"}],"version-history":[{"count":37,"href":"https:\/\/lausanne.wordcamp.org\/2018\/wp-json\/wp\/v2\/pages\/11\/revisions"}],"predecessor-version":[{"id":1881,"href":"https:\/\/lausanne.wordcamp.org\/2018\/wp-json\/wp\/v2\/pages\/11\/revisions\/1881"}],"wp:attachment":[{"href":"https:\/\/lausanne.wordcamp.org\/2018\/wp-json\/wp\/v2\/media?parent=11"}],"curies":[{"name":"wp","href":"https:\/\/api.w.org\/{rel}","templated":true}]}}