{"id":12,"date":"2018-04-20T09:59:26","date_gmt":"2018-04-20T07:59:26","guid":{"rendered":"https:\/\/2018.lausanne.wordcamp.org\/organizers\/"},"modified":"2018-05-06T21:00:16","modified_gmt":"2018-05-06T19:00:16","slug":"organisateurs","status":"publish","type":"page","link":"https:\/\/lausanne.wordcamp.org\/2018\/organisateurs\/","title":{"rendered":"Organisateur-trice-s"},"content":{"rendered":"\t<div class=\"wcorg-organizers\">\n\n\t\t\n\t\t\t<div class=\"wcorg-organizer\">\n\t\t\t\t<h2>Florian Blaser &#8211; Lead<\/h2>\n\t\t\t\t<div class=\"wcorg-organizer-description\">\n\t\t\t\t\t\t\t\t\t\t<img alt='' src='https:\/\/secure.gravatar.com\/avatar\/1ed27341d9ea2991433a863383086a7c83ee6088d2dcd67da76027fbe695217d?s=100&#038;d=mm&#038;r=g' srcset='https:\/\/secure.gravatar.com\/avatar\/1ed27341d9ea2991433a863383086a7c83ee6088d2dcd67da76027fbe695217d?s=200&#038;d=mm&#038;r=g 2x' class='avatar avatar-100 photo' height='100' width='100' \/>\t\t\t\t\t<p>Florian est tomb\u00e9 dans l&rsquo;informatique quand il \u00e9tait petit et a tr\u00e8s vite trouv\u00e9 des applications pratiques, comme la r\u00e9daction automatique de ses punitions scolaires&#8230;<\/p>\n<p>Il travaille maintenant quotidiennement avec WordPress au sein de l&rsquo;entreprise <a href=\"https:\/\/www.tizoo.com\/\">TiZoo<\/a> qu&rsquo;il a co-fond\u00e9e et appr\u00e9cie \u00e9norm\u00e9ment de rencontrer d&rsquo;autres passionn\u00e9(e)s de WordPress dans le cadre des <a href=\"https:\/\/www.meetup.com\/Lausanne-WordPress-Meetup\/\">meet<\/a>&#8211;<a href=\"https:\/\/www.meetup.com\/geneva-wordpress\/\">ups<\/a> WordPress de la r\u00e9gion.<\/p>\n<p>https:\/\/2018.lausanne.wordcamp.org\/florian-blaser\/<\/p>\n\t\t\t\t<\/div>\n\t\t\t<\/div>\n\n\t\t\n\t\t\t<div class=\"wcorg-organizer\">\n\t\t\t\t<h2>Cyril Bron &#8211; Communication, m\u00e9dias<\/h2>\n\t\t\t\t<div class=\"wcorg-organizer-description\">\n\t\t\t\t\t\t\t\t\t\t<img alt='' src='https:\/\/secure.gravatar.com\/avatar\/5de84dbde83814d0cc610e10eb165c9aa6ff37f38ef9faac31362e560d44a3ab?s=100&#038;d=mm&#038;r=g' srcset='https:\/\/secure.gravatar.com\/avatar\/5de84dbde83814d0cc610e10eb165c9aa6ff37f38ef9faac31362e560d44a3ab?s=200&#038;d=mm&#038;r=g 2x' class='avatar avatar-100 photo' height='100' width='100' \/>\t\t\t\t\t<p>Cyril Bron se d\u00e9finit avant tout comme nomade, aussi bien sur la carte g\u00e9ographique que dans le travail. Passionn\u00e9 par le cin\u00e9ma depuis qu\u2019il a vu <i>Pulp Fiction, <\/i>il \u00e9tudie la r\u00e9alisation \u00e0 la Haute Ecole d\u2019Art et Design de Gen\u00e8ve. Depuis, il a r\u00e9alis\u00e9 plusieurs court m\u00e9trages et un long m\u00e9trage de fiction <i>Milky Way<\/i> sorti en salles en 2014.<\/p>\n<p>Entre deux films, il exp\u00e9rimente de nombreux dispositifs artistiques, dans le domaine de la vid\u00e9o, de l\u2019intervention dans l\u2019espace public et l\u2019exploration urbaine.<\/p>\n<p>Pour une application po\u00e9tique et num\u00e9rique de d\u00e9rive urbaine <span style=\"font-family: DejaVu Sans Mono, monospace\"><i>ReadAndMove<\/i><\/span>, il s\u2019int\u00e9resse au code. Il apprend le PHP, le JS et le CSS en naviguant d\u2019un tutoriel \u00e0 un autre. En 2015, il cr\u00e9e son premier site web pour l\u2019association Liane dans le canton de Neuch\u00e2tel (CH) en utilisant le CMS WordPress. Depuis il a cr\u00e9\u00e9 plusieurs sites web pour des associations et d\u2019autres artistes.<\/p>\n<p>Le d\u00e9veloppement web l\u2019am\u00e8ne \u00e0 s\u2019int\u00e9resser au <i>design thinking<\/i> et \u00e0 r\u00e9fl\u00e9chir autour de l\u2019exp\u00e9rience utilisateur-trice. Depuis 2017, il travaille sur l\u2019interface d\u2019une application web <i>Survi<\/i><i>vi<\/i><i>ngInBrussels<\/i>, un guichet d\u2019infos num\u00e9rique \u00e0 destination des grands pr\u00e9caires et des travailleurs de rue.<\/p>\n<p>Cyril Bron se d\u00e9place souvent en Europe avec son ordinateur, il occupe son temps entre exploration, prises de vue, traitement d\u2019images et lignes de codes\u2026<\/p>\n<p><a href=\"https:\/\/twitter.com\/CyrilBron1\">@CyrilBron<\/a><\/p>\n<p><a href=\"http:\/\/www.cyrilbron.com\/\">portfolio<\/a><\/p>\n<p><a href=\"http:\/\/www.travaux-hets.ch\/cyril\/\">blog<\/a><\/p>\n<p>&nbsp;<\/p>\n\t\t\t\t<\/div>\n\t\t\t<\/div>\n\n\t\t\n\t\t\t<div class=\"wcorg-organizer\">\n\t\t\t\t<h2>Patricia BT &#8211; Sponsors Francophones et Anglophones<\/h2>\n\t\t\t\t<div class=\"wcorg-organizer-description\">\n\t\t\t\t\t\t\t\t\t\t<img alt='' src='https:\/\/secure.gravatar.com\/avatar\/c33dffb0341aeea5d96c65cebc3e165acf0326be7d7b2a7670310139309c1100?s=100&#038;d=mm&#038;r=g' srcset='https:\/\/secure.gravatar.com\/avatar\/c33dffb0341aeea5d96c65cebc3e165acf0326be7d7b2a7670310139309c1100?s=200&#038;d=mm&#038;r=g 2x' class='avatar avatar-100 photo' height='100' width='100' \/>\t\t\t\t\t\r\n<p>J&rsquo;aime m&rsquo;impliquer dans la communaut\u00e9 WordPress, car c&rsquo;est un agr\u00e9able moyen de rendre \u00e0 WordPress ce que WordPress me permet d&rsquo;accomplir avec <a href=\"https:\/\/virtuaza.com\/fr\" rel=\"nofollow\">Virtuaza<\/a> et, dans le futur, avec <a href=\"https:\/\/interaction.site\">Interaction.Site<\/a>\u00a0et <a href=\"https:\/\/patriciabt.com\">patriciabt.com<\/a>.<\/p>\r\n\r\n\r\n\r\n<p>Je co-organise donc depuis 2013 les <a href=\"https:\/\/www.meetup.com\/fr-FR\/geneva-wordpress\/\">meetups WordPress \u00e0 Gen\u00e8ve<\/a>, et j&rsquo;ai fait partie des \u00e9quipes d&rsquo;organisation des WordCamps \u00e0 Gen\u00e8ve en 2016 et Berne en 2017. J&rsquo;ai \u00e9galement \u00e9t\u00e9 <a href=\"https:\/\/wordpress.tv\/speakers\/patricia-brun-torre\/\">oratrice<\/a>, b\u00e9n\u00e9vole, entre autres WCEU 2017, ou sponsor dans d&rsquo;autres WordCamps.<\/p>\r\n\r\n\r\n\r\n<p>J&rsquo;adore ce qui a trait aux communaut\u00e9s et aux projets centr\u00e9s sur les relations humaines, et j&rsquo;aime tout ce qui est open-source et permet \u00e0 tous de faire entendre leur voix, j&rsquo;ai ces valeurs-l\u00e0 en commun avec WordPress et sa charte.<br \/><br \/>Plus : <a href=\"https:\/\/2018.lausanne.wordcamp.org\/patricia-bt-organisatrice\/\">https:\/\/2018.lausanne.wordcamp.org\/patricia-bt-organisatrice\/<\/a><\/p>\r\n\r\n<p>&#8212;<\/p>\r\n\r\n<p>I like to get involved in the WordPress community, as it&rsquo;s a pleasant way to give back to WordPress what WordPress allows me to accomplish with <a href=\"https:\/\/virtuaza.com\/fr\" rel=\"nofollow\">Virtuaza<\/a>, and, in the future, with <a href=\"https:\/\/interaction.site\">Interaction.Site<\/a>\u00a0and <a href=\"https:\/\/patriciabt.com\">patriciabt.com<\/a>.<\/p>\r\n\r\n\r\n\r\n<p>I co-organise the <a href=\"https:\/\/www.meetup.com\/geneva-wordpress\/\">WordPress meetups<\/a> in Geneva since 2013, I have been part of the WordCamps organisation teams in Geneva in 2016 and Bern in 2017, and I have also been a <a href=\"https:\/\/wordpress.tv\/speakers\/patricia-brun-torre\/\">speaker<\/a>\u00a0, a volunteer at WCEU 2017\u00a0 among others or sponsor in other WordCamps.<\/p>\r\n\r\n\r\n\r\n<p>I love community and human relations centered projects, and I like everything open-source which allows everyone to have their voices heard, I have these values in common with WordPress\u00a0and its code of conduct.<br \/><br \/>More: <a href=\"https:\/\/2018.lausanne.wordcamp.org\/patricia-bt-organiser\/\">https:\/\/2018.lausanne.wordcamp.org\/patricia-bt-organiser\/<\/a><\/p>\r\n\t\t\t\t<\/div>\n\t\t\t<\/div>\n\n\t\t\n\t\t\t<div class=\"wcorg-organizer\">\n\t\t\t\t<h2>Beno\u00eet Chantre &#8211; Graphisme, Swag<\/h2>\n\t\t\t\t<div class=\"wcorg-organizer-description\">\n\t\t\t\t\t\t\t\t\t\t<img alt='' src='https:\/\/secure.gravatar.com\/avatar\/90142d4ca0798e2a5b71997ed82c1ee08a743835b59d0ee686b91b12a0762db3?s=100&#038;d=mm&#038;r=g' srcset='https:\/\/secure.gravatar.com\/avatar\/90142d4ca0798e2a5b71997ed82c1ee08a743835b59d0ee686b91b12a0762db3?s=200&#038;d=mm&#038;r=g 2x' class='avatar avatar-100 photo' height='100' width='100' \/>\t\t\t\t\t<p class=\"p1\">Apr\u00e8s avoir offici\u00e9 pendant plusieurs ann\u00e9es comme graphiste, Beno\u00eet s\u2019est plong\u00e9 avec passion dans le d\u00e9veloppement de th\u00e8mes et d\u2019extensions pour WordPress. Adepte de l\u2019open-source, il contribue r\u00e9guli\u00e8rement \u00e0 diff\u00e9rents projets sur GitHub, et plus r\u00e9cemment au code de WordPress.<\/p>\n\t\t\t\t<\/div>\n\t\t\t<\/div>\n\n\t\t\n\t\t\t<div class=\"wcorg-organizer\">\n\t\t\t\t<h2>Benjamin Genevay &#8211; Audio\/Vid\u00e9o<\/h2>\n\t\t\t\t<div class=\"wcorg-organizer-description\">\n\t\t\t\t\t\t\t\t\t\t<img alt='' src='https:\/\/secure.gravatar.com\/avatar\/bda232ac4c74c769e379b44eb0bd4fac3407c7c80d5d4868b05a31491517f83d?s=100&#038;d=mm&#038;r=g' srcset='https:\/\/secure.gravatar.com\/avatar\/bda232ac4c74c769e379b44eb0bd4fac3407c7c80d5d4868b05a31491517f83d?s=200&#038;d=mm&#038;r=g 2x' class='avatar avatar-100 photo' height='100' width='100' \/>\t\t\t\t\t<p>Benjamin d\u00e9couvre la programmation sur PC en 86, se lance dans l&rsquo;\u00e9lectronique en 91, con\u00e7oit et d\u00e9veloppe le hard &amp; soft de syst\u00e8mes embarqu\u00e9s orient\u00e9s audio\/vid\u00e9o de 94 \u00e0 2010 en parall\u00e8le d&rsquo;une t\u00e2che d&rsquo;administrateur syst\u00e8me et serveur web pour une startup de l&rsquo;EPFL. D\u00e8s 98, il monte une structure inscrite au registre du commerce\u00a0en 2009. Celle-ci se pr\u00e9sente actuellement comme une agence web et multim\u00e9dia dont la sp\u00e9cialit\u00e9 est la num\u00e9risation de tous types de supports audio\/vid\u00e9o\/films\/photos. Il collabore avec des universit\u00e9s, h\u00f4pitaux, archives de villes, mus\u00e9es&#8230; ainsi que les leaders de la num\u00e9risation de documents.<\/p>\n\t\t\t\t<\/div>\n\t\t\t<\/div>\n\n\t\t\n\t\t\t<div class=\"wcorg-organizer\">\n\t\t\t\t<h2>Emmanuelle Germond &#8211; B\u00e9n\u00e9voles\/Salle<\/h2>\n\t\t\t\t<div class=\"wcorg-organizer-description\">\n\t\t\t\t\t\t\t\t\t\t<img alt='' src='https:\/\/secure.gravatar.com\/avatar\/bc66dbb70d15b30edf612d102d9956c2dbbe986bf9d6a00c1d999b1da0d0ac6b?s=100&#038;d=mm&#038;r=g' srcset='https:\/\/secure.gravatar.com\/avatar\/bc66dbb70d15b30edf612d102d9956c2dbbe986bf9d6a00c1d999b1da0d0ac6b?s=200&#038;d=mm&#038;r=g 2x' class='avatar avatar-100 photo' height='100' width='100' \/>\t\t\t\t\t<p>Apr\u00e8s 20 ans d&rsquo;informatique, \u00e0 installer, mettre en place, donner des conseils et des cours, Emmanuelle Germond a fini par se d\u00e9finir en \u00ab\u00a0traductrice Geek &lt;-&gt; Humain\u00a0\u00bb. Passionn\u00e9e d&rsquo;\u00e9thique num\u00e9rique, cette autodidacte a tr\u00e8s t\u00f4t trouv\u00e9 sa place dans le monde du logiciel Libre. Depuis des ann\u00e9es dans l&rsquo;organisation d&rsquo;\u00e9v\u00e9nement du Libre et de l&rsquo;Open-Source, c&rsquo;est avec plaisir qu&rsquo;elle participe aujourd&rsquo;hui \u00e0 ce WordCamp 2018.<\/p>\n\t\t\t\t<\/div>\n\t\t\t<\/div>\n\n\t\t\n\t\t\t<div class=\"wcorg-organizer\">\n\t\t\t\t<h2>Manuel Schmalstieg &#8211; Site Web<\/h2>\n\t\t\t\t<div class=\"wcorg-organizer-description\">\n\t\t\t\t\t\t\t\t\t\t<img alt='' src='https:\/\/secure.gravatar.com\/avatar\/5f0d03258c60247911ffa5c4dbdde1ec6a6361d40fbd1a0b7915ffa1b89fe07a?s=100&#038;d=mm&#038;r=g' srcset='https:\/\/secure.gravatar.com\/avatar\/5f0d03258c60247911ffa5c4dbdde1ec6a6361d40fbd1a0b7915ffa1b89fe07a?s=200&#038;d=mm&#038;r=g 2x' class='avatar avatar-100 photo' height='100' width='100' \/>\t\t\t\t\t<p>Manuel a \u00e9tudi\u00e9 les m\u00e9dias num\u00e9riques \u00e0 Gen\u00e8ve et Cracovie, et travaille depuis 2009 comme cr\u00e9ateur de sites Internet. Passionn\u00e9 par les technologies open-source, il contribue \u00e0 la plateforme WordPress en organisant le Meetup Gen\u00e8ve depuis 2013. Quand il est en mode repos, il aime boire un caf\u00e9 cardamone en \u00e9coutant du heavy metal 8-bit.<\/p>\n<p><a href=\"https:\/\/twitter.com\/16kbit\/\">@16kbit<\/a><\/p>\n<p><a href=\"https:\/\/ms-studio.net\/\">site perso<\/a><\/p>\n\t\t\t\t<\/div>\n\t\t\t<\/div>\n\n\t\t\n\t\t\t<div class=\"wcorg-organizer\">\n\t\t\t\t<h2>John Robert-Nicoud &#8211; Orateurs<\/h2>\n\t\t\t\t<div class=\"wcorg-organizer-description\">\n\t\t\t\t\t\t\t\t\t\t<img alt='' src='https:\/\/secure.gravatar.com\/avatar\/975702bab52fab4276156ba21239e5fed0a39cb4ff47ab303b31a836f90e1786?s=100&#038;d=mm&#038;r=g' srcset='https:\/\/secure.gravatar.com\/avatar\/975702bab52fab4276156ba21239e5fed0a39cb4ff47ab303b31a836f90e1786?s=200&#038;d=mm&#038;r=g 2x' class='avatar avatar-100 photo' height='100' width='100' \/>\t\t\t\t\t<p>Webdesigner depuis presque 20 ans, utilisateur de WordPress de la 1\u00e8re heure, John aime se d\u00e9crire comme\u00a0 \u00a0\u00bb full stack designer \u00a0\u00bb .<br \/>\nMultifonctions, quand il ne cr\u00e9e pas des logos, il est chef de projets chez <a href=\"https:\/\/www.925.ch\">925 Interactive<\/a>\u00a0, co-organise aussi les meetups de WordPress Lausanne et produit des podcasts anciennement \u00a0\u00bb <a href=\"https:\/\/www.podsource.ch\/\">podsource<\/a> \u00a0\u00bb et actuellement <a href=\"https:\/\/www.wp2.ch\/\">wp2<\/a>, un podcast d\u00e9di\u00e9 \u00e0 WordPress. Vous le retrouvez sous le pseudo de 6clicks sur la toile. <a href=\"https:\/\/twitter.com\/6_clicks\">@6_clicks\u00a0<\/a>\u00a0sur twitter<\/p>\n\t\t\t\t<\/div>\n\t\t\t<\/div>\n\n\t\t\n\t\t\t<div class=\"wcorg-organizer\">\n\t\t\t\t<h2>Christoph von Siebenthal &#8211; Photographies<\/h2>\n\t\t\t\t<div class=\"wcorg-organizer-description\">\n\t\t\t\t\t\t\t\t\t\t<img alt='' src='https:\/\/secure.gravatar.com\/avatar\/e199d977378f102f923f288194f4161f5a1d4141dcf0619b62ad6d593574a807?s=100&#038;d=mm&#038;r=g' srcset='https:\/\/secure.gravatar.com\/avatar\/e199d977378f102f923f288194f4161f5a1d4141dcf0619b62ad6d593574a807?s=200&#038;d=mm&#038;r=g 2x' class='avatar avatar-100 photo' height='100' width='100' \/>\t\t\t\t\t<p>Entre informatique et philosophie l&rsquo;intersection \u00e9vidente est la communication.<\/p>\n<p>Je dois avoir des g\u00eanes de Socrates, aimant bien couper les cheveux argumenta-tifs en quatre. En esp\u00e9rant ne pas devoir boire la cigu\u00eb\u00a0 trop t\u00f4t.<\/p>\n<p>Apr\u00e8s quelques errances sur plusieurs CMS je me suis passionn\u00e9 pour WordPress dont j&rsquo;aime la relative simplicit\u00e9 de l&rsquo;\u00e9dition et sa proximit\u00e9 \u00e0 PHP qui permet de tout personnaliser.<\/p>\n<p>On me r\u00e9jouissant de vous rencontrer au WordCamp Lausanne, entre \u00e9changes solides d&rsquo;informations et fou-rire qui caract\u00e9risent les meet-ups de Gen\u00e8ve et Lausanne.<\/p>\n<p><a href=\"http:\/\/7image.ch\" target=\"_blank\" rel=\"noopener\">7image.ch<\/a><\/p>\n<p><a href=\"http:\/\/twitter.com\/chvon7thal\" target=\"_blank\" rel=\"noopener\">@chvon7thal<\/a><\/p>\n<p>My interest for IT and philosophy naturally intersects in communication.<\/p>\n<p>I must have some kinship with Socrates, as I&rsquo;m eager to argue and quibble to no end. Hopefully I don&rsquo;t have to drink hemlock too soon.<\/p>\n<p>See you at the WordCamp Lausanne, exchanging solid information and some laughter as we do during the meet-ups in Geneva and Lausanne on smaller scale.<\/p>\n\t\t\t\t<\/div>\n\t\t\t<\/div>\n\n\t\t\n\t\t\t<div class=\"wcorg-organizer\">\n\t\t\t\t<h2>Gerd Zimmermann &#8211; Sponsors Germanophones<\/h2>\n\t\t\t\t<div class=\"wcorg-organizer-description\">\n\t\t\t\t\t\t\t\t\t\t<img alt='' src='https:\/\/secure.gravatar.com\/avatar\/50ed2d4125b2ec67afa6321fd197c05794fa0442aee62b504d87af847f15f802?s=100&#038;d=mm&#038;r=g' srcset='https:\/\/secure.gravatar.com\/avatar\/50ed2d4125b2ec67afa6321fd197c05794fa0442aee62b504d87af847f15f802?s=200&#038;d=mm&#038;r=g 2x' class='avatar avatar-100 photo' height='100' width='100' \/>\t\t\t\t\t<p>Gerd has been using WordPress since 2009. Starting with the administration of the website of his company, he now builds websites for small businesses and friends &amp; family. He has been helping as the co-organizer of the WordPress Meetup in Bern for the last two years. Currently Gerd is working to build up <a href=\"https:\/\/wp-toolbox.ch\">wp-toolbox.ch<\/a> to support WordPress-Users and take care of the maintenance of a whole series of WordPress sites.<\/p>\n<p>You can find him on Twitter under @wpgerd<\/p>\n\t\t\t\t<\/div>\n\t\t\t<\/div>\n\n\t\t\n\t\t\t<div class=\"wcorg-organizer\">\n\t\t\t\t<h2>Helen Yau After-Party\/Warm up event<\/h2>\n\t\t\t\t<div class=\"wcorg-organizer-description\">\n\t\t\t\t\t\t\t\t\t\t<img alt='' src='https:\/\/secure.gravatar.com\/avatar\/7158722483916f4a0359920c4199c1125b035bd80b4cbe68259add27f225699e?s=100&#038;d=mm&#038;r=g' srcset='https:\/\/secure.gravatar.com\/avatar\/7158722483916f4a0359920c4199c1125b035bd80b4cbe68259add27f225699e?s=200&#038;d=mm&#038;r=g 2x' class='avatar avatar-100 photo' height='100' width='100' \/>\t\t\t\t\t<p>Helen est ind\u00e9pendante en tant que webesigner, sp\u00e9cialis\u00e9e WordPress. Elle fait partie de la communaut\u00e9 WordPress du groupe des meetups \u00e0 Gen\u00e8ve depuis 2013 et a particip\u00e9 \u00e0 plusieurs autres WordCamps.<\/p>\n<p>Helen is a webesigner working as a freelance, specialised in WordPress. She regularly attends the WordPress meetups in the Geneva group and attended also several other WordCamps.<\/p>\n<p><a href=\"https:\/\/www.linkedin.com\/in\/helenyau-ch\">https:\/\/www.linkedin.com\/in\/helenyau-ch<\/a><\/p>\n\t\t\t\t<\/div>\n\t\t\t<\/div>\n\n\t\t\n\t<\/div><!-- .wcorg-organizers -->\n\t\n","protected":false},"excerpt":{"rendered":"","protected":false},"author":15663360,"featured_media":0,"parent":0,"menu_order":0,"comment_status":"closed","ping_status":"closed","template":"","meta":{"jetpack_post_was_ever_published":false,"footnotes":""},"class_list":["post-12","page","type-page","status-publish","hentry"],"jetpack_sharing_enabled":true,"jetpack_shortlink":"https:\/\/wp.me\/P9HzQn-c","_links":{"self":[{"href":"https:\/\/lausanne.wordcamp.org\/2018\/wp-json\/wp\/v2\/pages\/12","targetHints":{"allow":["GET"]}}],"collection":[{"href":"https:\/\/lausanne.wordcamp.org\/2018\/wp-json\/wp\/v2\/pages"}],"about":[{"href":"https:\/\/lausanne.wordcamp.org\/2018\/wp-json\/wp\/v2\/types\/page"}],"author":[{"embeddable":true,"href":"https:\/\/lausanne.wordcamp.org\/2018\/wp-json\/wp\/v2\/users\/15663360"}],"replies":[{"embeddable":true,"href":"https:\/\/lausanne.wordcamp.org\/2018\/wp-json\/wp\/v2\/comments?post=12"}],"version-history":[{"count":4,"href":"https:\/\/lausanne.wordcamp.org\/2018\/wp-json\/wp\/v2\/pages\/12\/revisions"}],"predecessor-version":[{"id":704,"href":"https:\/\/lausanne.wordcamp.org\/2018\/wp-json\/wp\/v2\/pages\/12\/revisions\/704"}],"wp:attachment":[{"href":"https:\/\/lausanne.wordcamp.org\/2018\/wp-json\/wp\/v2\/media?parent=12"}],"curies":[{"name":"wp","href":"https:\/\/api.w.org\/{rel}","templated":true}]}}