{"id":1307,"date":"2018-07-27T10:59:06","date_gmt":"2018-07-27T08:59:06","guid":{"rendered":"https:\/\/2018.lausanne.wordcamp.org\/?page_id=1307"},"modified":"2018-08-02T10:33:54","modified_gmt":"2018-08-02T08:33:54","slug":"se-loger-a-lausanne","status":"publish","type":"page","link":"https:\/\/lausanne.wordcamp.org\/2018\/se-loger-a-lausanne\/","title":{"rendered":"Se loger \u00e0 Lausanne"},"content":{"rendered":"\r\n<div class=\"wp-block-button alignright\"><a class=\"wp-block-button__link\" href=\"https:\/\/2018.lausanne.wordcamp.org\/accommodation-in-lausanne\/\" style=\"background-color:#d34516\">English version<\/a><\/div>\r\n\r\n\r\n\r\n<p><\/p>\r\n\r\n\r\n<p>Pour vous aider \u00e0 faire votre choix, nous avons s\u00e9lectionn\u00e9 trois lieux \u00e0 Lausanne pour vous loger durant le WordCamp. <\/p>\r\n\r\n\r\n\r\n<p>Les trois sont facilement accessibles avec le m\u00e9tro M2 arr\u00eat Flon pour le Palace et Bessi\u00e8res pour les 2 autres.<\/p>\r\n\r\n\r\n<h2>Lausanne Guesthouse<\/h2>\r\n<p>Nous avons un partenariat avec <strong>Lausanne Guesthouse. <\/strong><\/p>\r\n<p>Les WordCampeurs seront r\u00e9unis par chambre. C&rsquo;est une mani\u00e8re originale et conviviale de vivre son s\u00e9jour \u00e0 Lausanne et de partager le logement avec d&rsquo;autres membres de la communaut\u00e9. Des chambres simples et doubles sont \u00e9galement disponibles comme dans tout hotel. Les chambres peuvent avoir la vue sur le lac ou sur la vieille ville.<\/p>\r\n<p>Il suffit d&rsquo;utiliser le code promo: wclsneGH<br \/>Ce code permet d&rsquo;obtenir de toute fa\u00e7on de 5% de rabais et celui-ci augmentera plus il\u00a0y aura de monde qui utilisera le code.<\/p>\r\n<p>\u00a0<\/p>\r\n\r\n\r\n<div class=\"wp-block-button alignnone\"><a class=\"wp-block-button__link\" href=\"https:\/\/lausanne-guesthouse.ch\/\">Lausanne Guesthouse<\/a><\/div>\r\n\r\n\r\n\r\n<figure class=\"wp-block-image\"><img loading=\"lazy\" decoding=\"async\" width=\"800\" height=\"600\" data-attachment-id=\"1311\" data-permalink=\"https:\/\/lausanne.wordcamp.org\/2018\/se-loger-a-lausanne\/mittel_balkon2_lausanne-guesthouse\/\" data-orig-file=\"https:\/\/lausanne.wordcamp.org\/2018\/files\/2018\/07\/mittel_Balkon2_Lausanne-Guesthouse.jpg\" data-orig-size=\"800,600\" data-comments-opened=\"1\" data-image-meta=\"{&quot;aperture&quot;:&quot;0&quot;,&quot;credit&quot;:&quot;&quot;,&quot;camera&quot;:&quot;&quot;,&quot;caption&quot;:&quot;&quot;,&quot;created_timestamp&quot;:&quot;0&quot;,&quot;copyright&quot;:&quot;&quot;,&quot;focal_length&quot;:&quot;0&quot;,&quot;iso&quot;:&quot;0&quot;,&quot;shutter_speed&quot;:&quot;0&quot;,&quot;title&quot;:&quot;&quot;,&quot;orientation&quot;:&quot;0&quot;}\" data-image-title=\"mittel_Balkon2_Lausanne-Guesthouse\" data-image-description=\"\" data-image-caption=\"\" data-medium-file=\"https:\/\/lausanne.wordcamp.org\/2018\/files\/2018\/07\/mittel_Balkon2_Lausanne-Guesthouse-300x225.jpg\" data-large-file=\"https:\/\/lausanne.wordcamp.org\/2018\/files\/2018\/07\/mittel_Balkon2_Lausanne-Guesthouse.jpg\" src=\"https:\/\/2018.lausanne.wordcamp.org\/files\/2018\/07\/mittel_Balkon2_Lausanne-Guesthouse.jpg\" alt=\"\" class=\"wp-image-1311\" srcset=\"https:\/\/lausanne.wordcamp.org\/2018\/files\/2018\/07\/mittel_Balkon2_Lausanne-Guesthouse.jpg 800w, https:\/\/lausanne.wordcamp.org\/2018\/files\/2018\/07\/mittel_Balkon2_Lausanne-Guesthouse-300x225.jpg 300w, https:\/\/lausanne.wordcamp.org\/2018\/files\/2018\/07\/mittel_Balkon2_Lausanne-Guesthouse-768x576.jpg 768w, https:\/\/lausanne.wordcamp.org\/2018\/files\/2018\/07\/mittel_Balkon2_Lausanne-Guesthouse-400x300.jpg 400w\" sizes=\"auto, (max-width: 800px) 100vw, 800px\" \/><\/figure>\r\n\r\n\r\n\r\n<hr class=\"wp-block-separator\" \/>\r\n\r\n\r\n<h2>H\u00f4tel Swiss Wine<\/h2>\r\n<p>Pour celles et ceux qui veulent un chouette h\u00f4tel inattendu et contemporain<\/p>\r\n\r\n\r\n<div class=\"wp-block-button alignnone\"><a class=\"wp-block-button__link\" href=\"https:\/\/byfassbind.com\/fr\/hotel\/swiss-wine\/\">H\u00f4tel Swiss Wine<\/a><\/div>\r\n\r\n\r\n\r\n<figure class=\"wp-block-image\"><img loading=\"lazy\" decoding=\"async\" width=\"1382\" height=\"872\" data-attachment-id=\"1312\" data-permalink=\"https:\/\/lausanne.wordcamp.org\/2018\/se-loger-a-lausanne\/swiss-wine-hotel-and-bar-breakfast-room-3\/\" data-orig-file=\"https:\/\/lausanne.wordcamp.org\/2018\/files\/2018\/07\/Swiss-Wine-Hotel-and-Bar-breakfast-room-3.jpg\" data-orig-size=\"1382,872\" data-comments-opened=\"1\" data-image-meta=\"{&quot;aperture&quot;:&quot;0&quot;,&quot;credit&quot;:&quot;Jeronimo Vilaplana HotelFotograf&quot;,&quot;camera&quot;:&quot;&quot;,&quot;caption&quot;:&quot;&quot;,&quot;created_timestamp&quot;:&quot;1447848269&quot;,&quot;copyright&quot;:&quot;&quot;,&quot;focal_length&quot;:&quot;0&quot;,&quot;iso&quot;:&quot;0&quot;,&quot;shutter_speed&quot;:&quot;0&quot;,&quot;title&quot;:&quot;&quot;,&quot;orientation&quot;:&quot;0&quot;}\" data-image-title=\"Swiss-Wine-Hotel-and-Bar-breakfast-room-3\" data-image-description=\"\" data-image-caption=\"\" data-medium-file=\"https:\/\/lausanne.wordcamp.org\/2018\/files\/2018\/07\/Swiss-Wine-Hotel-and-Bar-breakfast-room-3-300x189.jpg\" data-large-file=\"https:\/\/lausanne.wordcamp.org\/2018\/files\/2018\/07\/Swiss-Wine-Hotel-and-Bar-breakfast-room-3-1024x646.jpg\" src=\"https:\/\/2018.lausanne.wordcamp.org\/files\/2018\/07\/Swiss-Wine-Hotel-and-Bar-breakfast-room-3.jpg\" alt=\"\" class=\"wp-image-1312\" srcset=\"https:\/\/lausanne.wordcamp.org\/2018\/files\/2018\/07\/Swiss-Wine-Hotel-and-Bar-breakfast-room-3.jpg 1382w, https:\/\/lausanne.wordcamp.org\/2018\/files\/2018\/07\/Swiss-Wine-Hotel-and-Bar-breakfast-room-3-300x189.jpg 300w, https:\/\/lausanne.wordcamp.org\/2018\/files\/2018\/07\/Swiss-Wine-Hotel-and-Bar-breakfast-room-3-768x485.jpg 768w, https:\/\/lausanne.wordcamp.org\/2018\/files\/2018\/07\/Swiss-Wine-Hotel-and-Bar-breakfast-room-3-1024x646.jpg 1024w, https:\/\/lausanne.wordcamp.org\/2018\/files\/2018\/07\/Swiss-Wine-Hotel-and-Bar-breakfast-room-3-475x300.jpg 475w\" sizes=\"auto, (max-width: 1382px) 100vw, 1382px\" \/><\/figure>\r\n\r\n\r\n\r\n<hr class=\"wp-block-separator\" \/>\r\n\r\n\r\n<h2>Lausanne Palace<\/h2>\r\n<p>Et pour celles et ceux qui veulent un Palace&#8230;<\/p>\r\n\r\n\r\n<div class=\"wp-block-button alignnone\"><a class=\"wp-block-button__link\" href=\"https:\/\/www.lausanne-palace.ch\/accueil\/\">Lausanne Palace<\/a><\/div>\r\n\r\n\r\n\r\n<figure class=\"wp-block-image\"><img loading=\"lazy\" decoding=\"async\" width=\"2000\" height=\"812\" data-attachment-id=\"1313\" data-permalink=\"https:\/\/lausanne.wordcamp.org\/2018\/se-loger-a-lausanne\/beau-rivage_palace_02-red\/\" data-orig-file=\"https:\/\/lausanne.wordcamp.org\/2018\/files\/2018\/07\/Beau-Rivage_Palace_02-red.jpg\" data-orig-size=\"2000,812\" data-comments-opened=\"1\" data-image-meta=\"{&quot;aperture&quot;:&quot;0&quot;,&quot;credit&quot;:&quot;&quot;,&quot;camera&quot;:&quot;&quot;,&quot;caption&quot;:&quot;&quot;,&quot;created_timestamp&quot;:&quot;0&quot;,&quot;copyright&quot;:&quot;&quot;,&quot;focal_length&quot;:&quot;0&quot;,&quot;iso&quot;:&quot;0&quot;,&quot;shutter_speed&quot;:&quot;0&quot;,&quot;title&quot;:&quot;&quot;,&quot;orientation&quot;:&quot;0&quot;}\" data-image-title=\"Beau-Rivage_Palace_02-red\" data-image-description=\"\" data-image-caption=\"\" data-medium-file=\"https:\/\/lausanne.wordcamp.org\/2018\/files\/2018\/07\/Beau-Rivage_Palace_02-red-300x122.jpg\" data-large-file=\"https:\/\/lausanne.wordcamp.org\/2018\/files\/2018\/07\/Beau-Rivage_Palace_02-red-1024x416.jpg\" src=\"https:\/\/2018.lausanne.wordcamp.org\/files\/2018\/07\/Beau-Rivage_Palace_02-red.jpg\" alt=\"\" class=\"wp-image-1313\" srcset=\"https:\/\/lausanne.wordcamp.org\/2018\/files\/2018\/07\/Beau-Rivage_Palace_02-red.jpg 2000w, https:\/\/lausanne.wordcamp.org\/2018\/files\/2018\/07\/Beau-Rivage_Palace_02-red-300x122.jpg 300w, https:\/\/lausanne.wordcamp.org\/2018\/files\/2018\/07\/Beau-Rivage_Palace_02-red-768x312.jpg 768w, https:\/\/lausanne.wordcamp.org\/2018\/files\/2018\/07\/Beau-Rivage_Palace_02-red-1024x416.jpg 1024w, https:\/\/lausanne.wordcamp.org\/2018\/files\/2018\/07\/Beau-Rivage_Palace_02-red-500x203.jpg 500w\" sizes=\"auto, (max-width: 2000px) 100vw, 2000px\" \/><\/figure>\r\n","protected":false},"excerpt":{"rendered":"<p>Pour vous aider \u00e0 faire votre choix, nous avons s\u00e9lectionn\u00e9 trois lieux \u00e0 Lausanne pour vous loger durant le WordCamp. Les trois sont facilement accessibles avec le m\u00e9tro M2 arr\u00eat Flon pour le Palace et Bessi\u00e8res pour les 2 autres. Lausanne Guesthouse Nous avons un partenariat avec Lausanne Guesthouse. Les WordCampeurs seront r\u00e9unis par chambre. [&hellip;]<\/p>\n","protected":false},"author":14554792,"featured_media":1344,"parent":0,"menu_order":0,"comment_status":"closed","ping_status":"closed","template":"","meta":{"jetpack_post_was_ever_published":false,"footnotes":""},"class_list":["post-1307","page","type-page","status-publish","has-post-thumbnail","hentry"],"jetpack_sharing_enabled":true,"jetpack_shortlink":"https:\/\/wp.me\/P9HzQn-l5","_links":{"self":[{"href":"https:\/\/lausanne.wordcamp.org\/2018\/wp-json\/wp\/v2\/pages\/1307","targetHints":{"allow":["GET"]}}],"collection":[{"href":"https:\/\/lausanne.wordcamp.org\/2018\/wp-json\/wp\/v2\/pages"}],"about":[{"href":"https:\/\/lausanne.wordcamp.org\/2018\/wp-json\/wp\/v2\/types\/page"}],"author":[{"embeddable":true,"href":"https:\/\/lausanne.wordcamp.org\/2018\/wp-json\/wp\/v2\/users\/14554792"}],"replies":[{"embeddable":true,"href":"https:\/\/lausanne.wordcamp.org\/2018\/wp-json\/wp\/v2\/comments?post=1307"}],"version-history":[{"count":7,"href":"https:\/\/lausanne.wordcamp.org\/2018\/wp-json\/wp\/v2\/pages\/1307\/revisions"}],"predecessor-version":[{"id":1342,"href":"https:\/\/lausanne.wordcamp.org\/2018\/wp-json\/wp\/v2\/pages\/1307\/revisions\/1342"}],"wp:featuredmedia":[{"embeddable":true,"href":"https:\/\/lausanne.wordcamp.org\/2018\/wp-json\/wp\/v2\/media\/1344"}],"wp:attachment":[{"href":"https:\/\/lausanne.wordcamp.org\/2018\/wp-json\/wp\/v2\/media?parent=1307"}],"curies":[{"name":"wp","href":"https:\/\/api.w.org\/{rel}","templated":true}]}}