{"id":1992,"date":"2018-09-07T17:24:36","date_gmt":"2018-09-07T15:24:36","guid":{"rendered":"https:\/\/2018.lausanne.wordcamp.org\/?page_id=1992"},"modified":"2018-09-22T14:37:27","modified_gmt":"2018-09-22T12:37:27","slug":"journee-de-la-contribution","status":"publish","type":"page","link":"https:\/\/lausanne.wordcamp.org\/2018\/journee-de-la-contribution\/","title":{"rendered":"Jour des contributions"},"content":{"rendered":"\n<p><\/p>\n\n\n\n<p><strong>Vendredi, 28 septembre 2018 de 10h-16h30 chez Apptitude \u00e0\u00a0<a href=\"https:\/\/2018.lausanne.wordcamp.org\/lieu\/#contr-day\">Innovation Park, EPFL, Lausanne<\/a><\/strong><\/p>\n\n\n\n<p><a href=\"https:\/\/www.meetup.com\/fr-FR\/Lausanne-WordPress-Meetup\/events\/254561142\/\">Inscrivez-vous par meetup<\/a><\/p>\n\n\n\n<p>Le jour des contributions d&rsquo;un WordCamp est une occasion sp\u00e9ciale pour rencontrer des contributeur-trice-s de WordPress. WordPress est le moteur \u00e0 la base de 31% des sites internet et \u00e0 besoin de votre aide. Nous vous encourageons \u00e0 participer \u00e0 cette partie du WordCamp Lausanne 2018: surtout si vous envisager une premi\u00e8re exp\u00e9rience de contribution et chercher comment et o\u00f9 commencer. Des participants exp\u00e9riment\u00e9s vous aideront \u00e0 construire des bases solides.<\/p>\n\n\n\n<p>WordPress offre de nombreuses possiblit\u00e9s de soutenir divers projets:<\/p>\n\n\n\n<ul class=\"wp-block-list\"><li><a href=\"https:\/\/make.wordpress.org\/core\/\">Core<\/a>\u00a0\u2013 am\u00e9liorez le code central de WordPress.<\/li><li><a href=\"https:\/\/make.wordpress.org\/design\/\">Design<\/a>\u00a0\u2013 Influencez la pr\u00e9sentation et developez l&rsquo;interface utilisateur de WordPress; Autant les designers que les sp\u00e9cialistes UX s&rsquo;y sentiront \u00e0 l&rsquo;aise.<\/li><li><a href=\"https:\/\/make.wordpress.org\/themes\/\">Theme Review<\/a>\u00a0\u2013 rejoignez l&rsquo;\u00e9quipe qui veille \u00e0 la haute qualit\u00e9 des th\u00e8mes propos\u00e9s par WordPress.org.<\/li><li><a href=\"https:\/\/make.wordpress.org\/polyglots\/\">Translations<\/a>\u00a0\u2013 pour que WordPress et ses outils soient disponibles dans votre langue.<\/li><li><a href=\"https:\/\/make.wordpress.org\/community\/\">Community<\/a>\u00a0\u2013 animez la vie des meetups et des WordCamp. Participez au d\u00e9marrage d&rsquo;un groupe meetup dans votre r\u00e9gion. Ils fonctionnent actuellement \u00e0 Berne, Gen\u00e8ve, Lausanne, Sion, Baden, Lucerne, St-Gall et Zurich.<\/li><li><a href=\"https:\/\/make.wordpress.org\/tv\/\">WordPress.tv<\/a>\u00a0\u2013 Un WordCamp a besoin de b\u00e9n\u00e9voles pour \u00e9diter et transmettre les vid\u00e9os des interventions sur WordPress.tv.<\/li><\/ul>\n\n\n\n<h2 class=\"wp-block-heading\">Inscrivez-vous\u2009!<\/h2>\n\n\n\n<p>La participation au Jour des Contributions est gratuite. Le billet du WordCamp n&rsquo;est pas n\u00e9cessaire. Afin de nous permettre d&rsquo;organiser les activit\u00e9s merci de vous inscrire (s\u00e9par\u00e9ment) pour le 28 septembre par le <a href=\"https:\/\/www.meetup.com\/fr-FR\/Lausanne-WordPress-Meetup\/events\/254561142\/\" target=\"_blank\" rel=\"noopener\">biais de la page meetup ici li\u00e9e<\/a><\/p>\n\n\n\n<h2 class=\"wp-block-heading\">O\u00f9 et quand\u2009?<\/h2>\n\n\n\n<p>Le jour des contribution a lieu le vendredi 28 septembre<strong>\u00a02018\u00a0<\/strong>de\u00a0<strong>10h \u00e0 16h30 \u00e0\u00a0<\/strong><a href=\"https:\/\/epfl-innovationpark.ch\/access-contact\/\">Innovation Park<\/a>, dans des locaux mis \u00e0 disposition par <a href=\"https:\/\/apptitude.ch\/\" rel=\"nofollow\">Apptitude<\/a>, situ\u00e9 a 10 minutes de la station M1 EPFL, pour ceux qui se d\u00e9placent en transports publics.<\/p>\n\n\n\n<h2 class=\"wp-block-heading\">Quelques pr\u00e9parations<\/h2>\n\n\n\n<p>Dans la mesure du possible prenez votre ordinateur (n&rsquo;oubliez pas le chargeur), c&rsquo;est votre outil personnel dans le processus de contribution.<\/p>\n\n\n\n<p>Cr\u00e9ez, ci ce n&rsquo;est pas d\u00e9j\u00e0 fait:<\/p>\n\n\n\n<ul class=\"wp-block-list\"><li>un\u00a0<a href=\"https:\/\/wordpress.org\/support\/register.php\">compte WordPress.org<\/a><br \/><\/li><li>un\u00a0<a href=\"https:\/\/make.wordpress.org\/chat\/\">Compte Slack<\/a>\u00a0pour utilisateurs WordPress (nous pouvons vous aider pour cela sur place). Pour l&rsquo;instant Slack est le principal outil de communication pour les contributeur-trice-s. Il vaut la peine d&rsquo;installer les applications disponibles pour les diff\u00e9rentes plateformes ou de vous familiarisez avec l&rsquo;<a href=\"https:\/\/wordpress.slack.com\/messages\">acc\u00e8s par votre navigateur<\/a>.<\/li><\/ul>\n\n\n\n<h2 class=\"wp-block-heading\">D&rsquo;autre mani\u00e8res pour contribuer<\/h2>\n\n\n\n<ul class=\"wp-block-list\"><li><a href=\"https:\/\/make.wordpress.org\/docs\/\">Documentation<\/a>\u00a0\u2013 Contribuez aux Codex, manuels et autres ressources disponibles pour guider les utilisateurs et d\u00e9veloppeurs WordPress.\u00a0<\/li><li><a href=\"https:\/\/make.wordpress.org\/support\/\">Support<\/a>\u00a0\u2013 Distribuer un peu de bonheur en pr\u00eatant un coup de main aux utilisateurs dans les forums de support.<\/li><li><a href=\"https:\/\/make.wordpress.org\/accessibility\/\">Accessibility<\/a>\u00a0\u2013Rendez accessible et utilisable WordPress et ses th\u00e8mes.<\/li><li><a href=\"https:\/\/wordpress.org\/plugins\/glotpress\/\">GlotPress<\/a>\u00a0\u2013 am\u00e9liorez l&rsquo;application web collaborative pour faciliter les traductions.<\/li><li><a href=\"https:\/\/make.wordpress.org\/mobile\/\">Mobile<\/a>\u00a0\u2013 pour que WordPress r\u00e9ponde aux besoins grandissant des dispositifs mobiles.<\/li><li><a href=\"https:\/\/make.wordpress.org\/meta\/\">Meta<\/a>\u00a0\u2013 pr\u00eatez main-forte aux sites WordPress principaux (WordPress.org, WordPress.tv).<\/li><li><a href=\"https:\/\/buddypress.org\/\">BuddyPress<\/a>\u00a0&amp;\u00a0<a href=\"https:\/\/bbpress.org\/\">bbPress<\/a>\u00a0\u2013 contribuer \u00e0 ces applications soutient l&rsquo;\u00e9mergence de projets communautaires.<\/li><li><a href=\"https:\/\/es.wordpress.org\/plugins\/json-rest-api\/\">Rest API<\/a>\u00a0\u2013 rejoignez l&rsquo;\u00e9quipe Rest API pour contribuer au futur de WordPress.<\/li><\/ul>\n\n\n\n<p><\/p>\n","protected":false},"excerpt":{"rendered":"<p>Vendredi, 28 septembre 2018 de 10h-16h30 chez Apptitude \u00e0\u00a0Innovation Park, EPFL, Lausanne Inscrivez-vous par meetup Le jour des contributions d&rsquo;un WordCamp est une occasion sp\u00e9ciale pour rencontrer des contributeur-trice-s de WordPress. WordPress est le moteur \u00e0 la base de 31% des sites internet et \u00e0 besoin de votre aide. Nous vous encourageons \u00e0 participer \u00e0 [&hellip;]<\/p>\n","protected":false},"author":14002043,"featured_media":0,"parent":0,"menu_order":0,"comment_status":"closed","ping_status":"closed","template":"","meta":{"jetpack_post_was_ever_published":false,"footnotes":""},"class_list":["post-1992","page","type-page","status-publish","hentry"],"jetpack_sharing_enabled":true,"jetpack_shortlink":"https:\/\/wp.me\/P9HzQn-w8","_links":{"self":[{"href":"https:\/\/lausanne.wordcamp.org\/2018\/wp-json\/wp\/v2\/pages\/1992","targetHints":{"allow":["GET"]}}],"collection":[{"href":"https:\/\/lausanne.wordcamp.org\/2018\/wp-json\/wp\/v2\/pages"}],"about":[{"href":"https:\/\/lausanne.wordcamp.org\/2018\/wp-json\/wp\/v2\/types\/page"}],"author":[{"embeddable":true,"href":"https:\/\/lausanne.wordcamp.org\/2018\/wp-json\/wp\/v2\/users\/14002043"}],"replies":[{"embeddable":true,"href":"https:\/\/lausanne.wordcamp.org\/2018\/wp-json\/wp\/v2\/comments?post=1992"}],"version-history":[{"count":22,"href":"https:\/\/lausanne.wordcamp.org\/2018\/wp-json\/wp\/v2\/pages\/1992\/revisions"}],"predecessor-version":[{"id":2420,"href":"https:\/\/lausanne.wordcamp.org\/2018\/wp-json\/wp\/v2\/pages\/1992\/revisions\/2420"}],"wp:attachment":[{"href":"https:\/\/lausanne.wordcamp.org\/2018\/wp-json\/wp\/v2\/media?parent=1992"}],"curies":[{"name":"wp","href":"https:\/\/api.w.org\/{rel}","templated":true}]}}