{"id":2146,"date":"2018-09-17T12:56:50","date_gmt":"2018-09-17T10:56:50","guid":{"rendered":"https:\/\/2018.lausanne.wordcamp.org\/?page_id=2146"},"modified":"2018-09-17T22:51:24","modified_gmt":"2018-09-17T20:51:24","slug":"manger-boire-et-faire-la-fete","status":"publish","type":"page","link":"https:\/\/lausanne.wordcamp.org\/2018\/manger-boire-et-faire-la-fete\/","title":{"rendered":"Manger, boire et faire la f\u00eate"},"content":{"rendered":"\n<div class=\"wp-block-button alignright\"><a class=\"wp-block-button__link\" href=\"https:\/\/2018.lausanne.wordcamp.org\/eat-drink-and-party\/\">English version<\/a><\/div>\n\n\n\n<h2 class=\"wp-block-heading\">En-cas et repas sur l&rsquo;\u00e9v\u00e9nement<\/h2>\n\n\n\n<p>Si vous \u00eates de Lausanne, difficile d&rsquo;ignorer <em>Noz Chocolatier<\/em> et <em>Mauro Traiteur<\/em>. Les 2 sont des artisans locaux connus et reconnus aussi bien pour leur exigence de qualit\u00e9 que pour le go\u00fbt d\u00e9licieux de leurs pr\u00e9parations.<\/p>\n\n\n\n<p>Noz pr\u00e9parera les en-cas du vendredi et samedi, petits sandwichs, d\u00e9lices et croissants mais aussi leurs fameuses taillaules \ud83d\ude09.<\/p>\n\n\n\n<p>Mauro Traiteur quant \u00e0 lui, se chargera du repas de samedi midi. Sp\u00e9cialit\u00e9s italiennes chaudes et froides, plats et desserts.<\/p>\n\n\n\n<p>Les choix concernant toute la restauration est de tendre vers une consommation locale et de qualit\u00e9. De privil\u00e9gier des acteurs locaux, qui travaillent de fa\u00e7on artisanale. WordPress est un logiciel libre et il para\u00eet \u00e9vident que les principes de partage et d&rsquo;\u00e9quit\u00e9 doivent se propager \u00e0 tous nos choix d&rsquo;organisation. L&rsquo;\u00e9quipe WordCamp Lausanne 2018 esp\u00e8re que vous profiterez de tous les aspects de vos journ\u00e9es \ud83d\ude18.<\/p>\n\n\n\n<h2 class=\"wp-block-heading\">Warm-up &#8211; Soir\u00e9e du vendredi 28, 19:30<\/h2>\n\n\n\n<p>D\u00e8s 19h30, nous vous recevrons au restaurant de la piscine de Mon-Repos, pour une soir\u00e9e tunisienne dont le chef Jimmy Farhat a le secret.<br \/>[description du chef]<br \/>Un bon couscous de poulet (ou aux l\u00e9gumes pour les v\u00e9g\u00e9tariens). Pr\u00e9par\u00e9 par le chef avec des produits locaux et son choix d&rsquo;\u00e9pices tunisiennes, et beaucoup de bonne humeur. Accompagn\u00e9 d&rsquo;un vin de la r\u00e9gion, choisi par le chef.<\/p>\n\n\n\n<p>Servi sous forme de buffet qui vous donnera l&rsquo;occasion de naviguer d&rsquo;une table \u00e0 l&rsquo;autre et de bavarder avec tout le monde.<\/p>\n\n\n\n<p>50 CHF pour le menu complet, 35 CHF sans alcool.<br \/>Tout le monde est bienvenu, et le repas est offert aux orateurs, aux sponsors et aux b\u00e9n\u00e9voles.<\/p>\n\n\n\n<h2 class=\"wp-block-heading\">After-party &#8211; Soir\u00e9e du samedi 29, 19:30<\/h2>\n\n\n\n<p>Venez prendre un dernier verre tous ensemble apr\u00e8s ces journ\u00e9es de folie !!<br \/>Au restaurant de la piscine de Mon-Repos, on vous servira vers 20h la tourn\u00e9e de l&rsquo;amiti\u00e9. Sur la terrasse (en cas de beau temps), ou \u00e0 l&rsquo;int\u00e9rieur, nous profiterons de ces derniers moment de d\u00e9tente dans une ambiance chaleureuse et d\u00e9contract\u00e9e.<\/p>\n\n\n\n<p style=\"text-align:left\">Des snacks seront servis avec les boissons mais si vous voulez un vrai repas, vous pouvez aussi manger au m\u00eame endroit avant la f\u00eate, ou aller dans un autre restaurant du quartier, voyez la liste en bas de la page.\u00a0<\/p>\n\n\n\n<figure class=\"wp-block-image\"><img loading=\"lazy\" decoding=\"async\" width=\"960\" height=\"540\" data-attachment-id=\"2233\" data-permalink=\"https:\/\/lausanne.wordcamp.org\/2018\/restaurant-piscine-mon-repos\/\" data-orig-file=\"https:\/\/lausanne.wordcamp.org\/2018\/files\/2018\/09\/restaurant-piscine-mon-repos.jpg\" data-orig-size=\"960,540\" data-comments-opened=\"1\" data-image-meta=\"{&quot;aperture&quot;:&quot;0&quot;,&quot;credit&quot;:&quot;&quot;,&quot;camera&quot;:&quot;&quot;,&quot;caption&quot;:&quot;&quot;,&quot;created_timestamp&quot;:&quot;0&quot;,&quot;copyright&quot;:&quot;&quot;,&quot;focal_length&quot;:&quot;0&quot;,&quot;iso&quot;:&quot;0&quot;,&quot;shutter_speed&quot;:&quot;0&quot;,&quot;title&quot;:&quot;&quot;,&quot;orientation&quot;:&quot;0&quot;}\" data-image-title=\"restaurant-piscine-mon-repos\" data-image-description=\"\" data-image-caption=\"\" data-medium-file=\"https:\/\/lausanne.wordcamp.org\/2018\/files\/2018\/09\/restaurant-piscine-mon-repos-300x169.jpg\" data-large-file=\"https:\/\/lausanne.wordcamp.org\/2018\/files\/2018\/09\/restaurant-piscine-mon-repos.jpg\" src=\"https:\/\/2018.lausanne.wordcamp.org\/files\/2018\/09\/restaurant-piscine-mon-repos.jpg\" alt=\"\" class=\"wp-image-2233\" srcset=\"https:\/\/lausanne.wordcamp.org\/2018\/files\/2018\/09\/restaurant-piscine-mon-repos.jpg 960w, https:\/\/lausanne.wordcamp.org\/2018\/files\/2018\/09\/restaurant-piscine-mon-repos-300x169.jpg 300w, https:\/\/lausanne.wordcamp.org\/2018\/files\/2018\/09\/restaurant-piscine-mon-repos-768x432.jpg 768w, https:\/\/lausanne.wordcamp.org\/2018\/files\/2018\/09\/restaurant-piscine-mon-repos-500x281.jpg 500w\" sizes=\"auto, (max-width: 960px) 100vw, 960px\" \/><figcaption>Photo par : Restaurant de la piscine de Mon-Repos<\/figcaption><\/figure>\n\n\n\n<p>Restaurant de la piscine de Mon-Repos<br \/>Chez J. Farhat<br \/>Avenue du Tribunal-F\u00e9d\u00e9ral 4<br \/>1005 Lausanne<\/p>\n\n\n\n<div class=\"googlemaps\">\n\t\t\t\t<iframe loading=\"lazy\" width=\"600\" height=\"500\" frameborder=\"0\" scrolling=\"no\" marginheight=\"0\" marginwidth=\"0\"  src=\"https:\/\/maps.google.com\/maps?q=%20Restaurant%20de%20la%20piscine%20de%20Mon-Repos,%20Chez%20J.%20Farhat%20Avenue%20du%20Tribunal-F\u00e9d\u00e9ral%204,%201005%20Lausanne&#038;t=&#038;z=15&#038;ie=UTF8&#038;iwloc=&#038;output=embed\"><\/iframe>\n\t\t\t<\/div>\n\n\n\n<h2 class=\"wp-block-heading\">Autres restaurants du quartier<\/h2>\n\n\n\n<p>Ce-dessous se trouve une liste des restaurants \u00e0 moins de 10 minutes \u00e0 pied de la salle, du Lausanne Guest House et du Restaurant de la piscine de Mon-Repos, ils sont tous list\u00e9s sur\u00a0<a href=\"https:\/\/goo.gl\/maps\/vw7wcFfP8ey\">cette carte<\/a><\/p>\n\n\n\n<ul class=\"wp-block-list\"><li>NiHao &#8211; Chinois &#8211; bon march\u00e9<\/li><li>\nIskander Kebab &#8211; kebab &#8211; bon march\u00e9<\/li><li>\nZooburger &#8211; burger &#8211; moyen<\/li><li>\nBravissimo &#8211; italien &#8211; moyen<\/li><li>\nJava &#8211; fran\u00e7aise &#8211; moyen<\/li><li>\nAntica Tratoria &#8211; italienne &#8211; moyen<\/li><li>\nLe Nil Bleu &#8211; ethiopienne &#8211; moyen<\/li><li>\nEtoile Blanche &#8211; burger &#8211; cher<\/li><li>\nLuigia &#8211; italienne &#8211; moyen<\/li><li>\nAu couscous &#8211; libanaise &#8211; cher<\/li><\/ul>\n","protected":false},"excerpt":{"rendered":"<p>En-cas et repas sur l&rsquo;\u00e9v\u00e9nement Si vous \u00eates de Lausanne, difficile d&rsquo;ignorer Noz Chocolatier et Mauro Traiteur. Les 2 sont des artisans locaux connus et reconnus aussi bien pour leur exigence de qualit\u00e9 que pour le go\u00fbt d\u00e9licieux de leurs pr\u00e9parations. Noz pr\u00e9parera les en-cas du vendredi et samedi, petits sandwichs, d\u00e9lices et croissants mais [&hellip;]<\/p>\n","protected":false},"author":16134378,"featured_media":2233,"parent":0,"menu_order":0,"comment_status":"closed","ping_status":"closed","template":"","meta":{"jetpack_post_was_ever_published":false,"footnotes":""},"class_list":["post-2146","page","type-page","status-publish","has-post-thumbnail","hentry"],"jetpack_sharing_enabled":true,"jetpack_shortlink":"https:\/\/wp.me\/P9HzQn-yC","_links":{"self":[{"href":"https:\/\/lausanne.wordcamp.org\/2018\/wp-json\/wp\/v2\/pages\/2146","targetHints":{"allow":["GET"]}}],"collection":[{"href":"https:\/\/lausanne.wordcamp.org\/2018\/wp-json\/wp\/v2\/pages"}],"about":[{"href":"https:\/\/lausanne.wordcamp.org\/2018\/wp-json\/wp\/v2\/types\/page"}],"author":[{"embeddable":true,"href":"https:\/\/lausanne.wordcamp.org\/2018\/wp-json\/wp\/v2\/users\/16134378"}],"replies":[{"embeddable":true,"href":"https:\/\/lausanne.wordcamp.org\/2018\/wp-json\/wp\/v2\/comments?post=2146"}],"version-history":[{"count":12,"href":"https:\/\/lausanne.wordcamp.org\/2018\/wp-json\/wp\/v2\/pages\/2146\/revisions"}],"predecessor-version":[{"id":2261,"href":"https:\/\/lausanne.wordcamp.org\/2018\/wp-json\/wp\/v2\/pages\/2146\/revisions\/2261"}],"wp:featuredmedia":[{"embeddable":true,"href":"https:\/\/lausanne.wordcamp.org\/2018\/wp-json\/wp\/v2\/media\/2233"}],"wp:attachment":[{"href":"https:\/\/lausanne.wordcamp.org\/2018\/wp-json\/wp\/v2\/media?parent=2146"}],"curies":[{"name":"wp","href":"https:\/\/api.w.org\/{rel}","templated":true}]}}