{"id":524,"date":"2018-05-01T17:08:09","date_gmt":"2018-05-01T15:08:09","guid":{"rendered":"https:\/\/2018.lausanne.wordcamp.org\/?page_id=524"},"modified":"2018-09-14T15:47:06","modified_gmt":"2018-09-14T13:47:06","slug":"home","status":"publish","type":"page","link":"https:\/\/lausanne.wordcamp.org\/2018\/","title":{"rendered":"Accueil"},"content":{"rendered":"<p><a href=\"#englishtext\"><em>French text is followed by English<\/em><\/a><\/p>\n\n\n<p>Bienvenue ! <br \/><br \/>Apr\u00e8s Zurich en 2014 et 2015, Gen\u00e8ve en 2016, et Berne en 2017,\u00a0 Lausanne accueillera le 5\u00e8me WordCamp en Suisse les 28 et 29 septembre 2018.<\/p>\n\n\n\n<p>La journ\u00e9e de conf\u00e9rence aura lieu <a href=\"https:\/\/2018.lausanne.wordcamp.org\/programme-schedule\/\"><strong>le samedi 29 septembre<\/strong><\/a>, cet \u00e9v\u00e9nement sera bilingue fran\u00e7ais-anglais . Et le jour des contributions se tiendra le <a href=\"https:\/\/2018.lausanne.wordcamp.org\/journee-de-la-contribution\/\"><strong>vendredi 28 septembre<\/strong><\/a> et est un tr\u00e8s bon moyen pour apprendre \u00e0 contribuer au projet open source WordPress.<\/p>\n\n\n\n<h2 class=\"wp-block-heading\">Derni\u00e8res nouvelles<\/h2>\n\n\n<ul class=\"wp-block-latest-posts__list is-grid columns-4 has-dates wp-block-latest-posts\"><\/ul>\n\n\n<h2 class=\"wp-block-heading\">Qu&rsquo;est-ce que le WordCamp Lausanne 2018 ?<\/h2>\n\n\n\n<p>Les WordCamps sont des \u00e9v\u00e9nements organis\u00e9s par la communaut\u00e9. Tous-tes ceux-celles qui utilisent ou voudraient apprendre \u00e0 utiliser WordPress peuvent y participer, que ce soit des blogueur-euse-s, designers, d\u00e9veloppeur-euse-s, auteur-e-s, sp\u00e9cialistes marketing et SEO, commerciaux, organisations, photographes, agent-e-s, consultant-e-s, entrepreneur-euse-s etc. Il y des WordCamps\u00a0<a href=\"https:\/\/central.wordcamp.org\/\">dans le monde entier<\/a> eet participer \u00e0 l\u2019un d\u2019eux est le meilleur moyen de se connecter \u00e0 l\u2019atmosph\u00e8re de la communaut\u00e9.<\/p>\n\n\n\n<hr class=\"wp-block-separator\" \/>\n\n\n<p>&nbsp;<\/p>\n\n\n<a name=\"englishtext\"><\/a>\n<p style=\"text-align:center\">English<\/p>\n\n\n<p><\/p>\n<p>Welcome ! <br \/><br \/>After Zurich in 2014 and 2015, Geneva in 2016, and Bern in 2017,\u00a0 the 5th WordCamp in Switzerland will be held in Lausanne on September 28 and 29. 2018.<\/p>\n<p> <\/p>\n<p>The conference day will be held on the\u00a0<a href=\"https:\/\/2018.lausanne.wordcamp.org\/programme-schedule\/\"><strong>Saturday Septembre 29<\/strong><\/a>, this event will happen in French and English. The contributor day will be on\u00a0<a href=\"https:\/\/2018.lausanne.wordcamp.org\/contributor-day\/\"><strong>Friday September 28<\/strong><\/a>\u00a0and is a very good way to learn\u00a0 how to contribute to the WordPress open-source project.<\/p>\n<p><\/p>\n\n\n<h2 class=\"wp-block-heading\">Latest news<\/h2>\n\n\n\n<hr class=\"wp-block-separator\" \/>\n\n\n<ul class=\"wp-block-latest-posts__list is-grid columns-4 has-dates wp-block-latest-posts\"><\/ul>\n\n<h2 id=\"what-s-wordcamp-milano-2017-\">What\u2019s WordCamp Lausanne 2018 ?<\/h2>\n<p>WordCamps are informal, community-organized events that can be attended by everyone who uses WordPress, and by everyone who is willing to learn how to use it. This includes bloggers, designers, developers, authors, marketers, SEOs, traders, non-profits, photographers, realtors, consultants, entrepreneurs, etc. There are WordCamps&nbsp;<a href=\"https:\/\/central.wordcamp.org\/\">all around the world<\/a> and attending one of them is the best way to experience the mood of the community.<\/p>\n\n\n<p><\/p>\n","protected":false},"excerpt":{"rendered":"<p>French text is followed by English Bienvenue ! Apr\u00e8s Zurich en 2014 et 2015, Gen\u00e8ve en 2016, et Berne en 2017,\u00a0 Lausanne accueillera le 5\u00e8me WordCamp en Suisse les 28 et 29 septembre 2018. La journ\u00e9e de conf\u00e9rence aura lieu le samedi 29 septembre, cet \u00e9v\u00e9nement sera bilingue fran\u00e7ais-anglais . Et le jour des contributions [&hellip;]<\/p>\n","protected":false},"author":14554792,"featured_media":742,"parent":0,"menu_order":0,"comment_status":"closed","ping_status":"closed","template":"","meta":{"jetpack_post_was_ever_published":false,"footnotes":""},"class_list":["post-524","page","type-page","status-publish","has-post-thumbnail","hentry"],"jetpack_sharing_enabled":true,"jetpack_shortlink":"https:\/\/wp.me\/P9HzQn-8s","_links":{"self":[{"href":"https:\/\/lausanne.wordcamp.org\/2018\/wp-json\/wp\/v2\/pages\/524","targetHints":{"allow":["GET"]}}],"collection":[{"href":"https:\/\/lausanne.wordcamp.org\/2018\/wp-json\/wp\/v2\/pages"}],"about":[{"href":"https:\/\/lausanne.wordcamp.org\/2018\/wp-json\/wp\/v2\/types\/page"}],"author":[{"embeddable":true,"href":"https:\/\/lausanne.wordcamp.org\/2018\/wp-json\/wp\/v2\/users\/14554792"}],"replies":[{"embeddable":true,"href":"https:\/\/lausanne.wordcamp.org\/2018\/wp-json\/wp\/v2\/comments?post=524"}],"version-history":[{"count":20,"href":"https:\/\/lausanne.wordcamp.org\/2018\/wp-json\/wp\/v2\/pages\/524\/revisions"}],"predecessor-version":[{"id":2129,"href":"https:\/\/lausanne.wordcamp.org\/2018\/wp-json\/wp\/v2\/pages\/524\/revisions\/2129"}],"wp:featuredmedia":[{"embeddable":true,"href":"https:\/\/lausanne.wordcamp.org\/2018\/wp-json\/wp\/v2\/media\/742"}],"wp:attachment":[{"href":"https:\/\/lausanne.wordcamp.org\/2018\/wp-json\/wp\/v2\/media?parent=524"}],"curies":[{"name":"wp","href":"https:\/\/api.w.org\/{rel}","templated":true}]}}